{"id":1349,"date":"2023-10-06T16:33:04","date_gmt":"2023-10-06T16:33:04","guid":{"rendered":"https:\/\/antropoflora.com\/despre\/"},"modified":"2023-11-27T07:22:00","modified_gmt":"2023-11-27T07:22:00","slug":"despre","status":"publish","type":"page","link":"https:\/\/antropoflora.com\/en\/despre\/","title":{"rendered":"DESPRE"},"content":{"rendered":"\t\t<div data-elementor-type=\"wp-page\" data-elementor-id=\"1349\" class=\"elementor elementor-1349 elementor-422\">\n\t\t\t\t\t\t\t\t\t<section class=\"elementor-section elementor-top-section elementor-element elementor-element-6268785b elementor-section-boxed elementor-section-height-default elementor-section-height-default\" data-id=\"6268785b\" data-element_type=\"section\">\n\t\t\t\t\t\t<div class=\"elementor-container elementor-column-gap-default\">\n\t\t\t\t\t<div class=\"elementor-column elementor-col-100 elementor-top-column elementor-element elementor-element-3dc1a00\" data-id=\"3dc1a00\" data-element_type=\"column\">\n\t\t\t<div class=\"elementor-widget-wrap elementor-element-populated\">\n\t\t\t\t\t\t\t\t<div class=\"elementor-element elementor-element-46164fec elementor-widget elementor-widget-text-editor\" data-id=\"46164fec\" data-element_type=\"widget\" data-widget_type=\"text-editor.default\">\n\t\t\t\t<div class=\"elementor-widget-container\">\n\t\t\t<style>\/*! elementor - v3.17.0 - 08-11-2023 *\/\n.elementor-widget-text-editor.elementor-drop-cap-view-stacked .elementor-drop-cap{background-color:#69727d;color:#fff}.elementor-widget-text-editor.elementor-drop-cap-view-framed .elementor-drop-cap{color:#69727d;border:3px solid;background-color:transparent}.elementor-widget-text-editor:not(.elementor-drop-cap-view-default) .elementor-drop-cap{margin-top:8px}.elementor-widget-text-editor:not(.elementor-drop-cap-view-default) .elementor-drop-cap-letter{width:1em;height:1em}.elementor-widget-text-editor .elementor-drop-cap{float:left;text-align:center;line-height:1;font-size:50px}.elementor-widget-text-editor .elementor-drop-cap-letter{display:inline-block}<\/style>\t\t\t\t<p><strong>ANTROPOFLORA<\/strong> cerceteaz\u0103 rela\u021bia simbiotic\u0103 dintre om \u0219i plante, document\u00e2nd diversitatea punctelor de interferen\u021b\u0103, de la ritualuri, obiceiuri, mitologie, la studiul complex al botani\u0219tilor, de la p\u0103strarea tradi\u021bional\u0103 a semin\u021belor la conservarea controlat\u0103 a germoplasmei vegetale \u00een b\u0103nci de gene, de la viziunea magic\u0103 a omului de la sat \u00eenvecinat cu flora s\u0103lbatic\u0103 la perspectiva riguroas\u0103 a speciali\u0219tilor \u00een biodiversitate. Dezgrop\u0103m c\u0103r\u021bile \u0219i arhivele \u00een care cercet\u0103torii din trecut au documentat folclorul etnobotanic transmis din genera\u021bie \u00een genera\u021bie prin viu grai (<strong><span style=\"color: #ffffff;\"><a style=\"color: #ffffff;\" href=\"https:\/\/antropoflora.com\/articole\/\">vezi MONOGRAFII<\/a><\/span><\/strong>) \u0219i perpetu\u0103m aceast\u0103 tradi\u021bie \u00eenregistr\u00e2nd cultura oral\u0103 a momentului (<strong><span style=\"color: #ffffff;\"><a style=\"color: #ffffff;\" href=\"https:\/\/antropoflora.com\/category\/video\/\">vezi VIDEO<\/a><\/span><\/strong>).<\/p><p>Abordarea acestei cercet\u0103ri este una antropologic\u0103, pun\u00e2nd accent pe formele ritualice, ceremoniale, mitologice, dar este \u00een acela\u0219i timp lipsit\u0103 de preten\u021bia de a fi numit\u0103 documentare academic\u0103 antropologic\u0103. Am putea s\u0103 spunem c\u0103 e mai degrab\u0103 demersul unor oameni pasiona\u021bi de aceast\u0103 dimensiune, oameni din popor care vorbesc despre cultura popular\u0103. De asemenea, detaliile de uz medicinal sunt menite s\u0103 creeze o imagine de ansamblu a ariei extinse \u00een care plantele s-au \u00eentrebuin\u021bat tradi\u021bional de-alungul timpului \u0219i au un rol pur informativ, aceast\u0103 platform\u0103 nefiind dedicat\u0103 fitoterapiei.<\/p><p>Amprenta florei e matricea pe care s-au construit culturile lumii, \u021bes\u0103tura care le une\u0219te. Etnobotanica rom\u00e2neasc\u0103 este doar punctul de plecare, proiectul urm\u00e2nd s\u0103 continue aceast\u0103 documentare mai departe de grani\u021bele \u021b\u0103rii.<\/p><p><strong>ANTROPOFLORA<\/strong> este o platform\u0103 vie, \u00een dezvoltare, \u00een c\u0103utare de noi cercet\u0103tori, \u0219i \u00een mod deosebit de noi informa\u021bii venite direct de pe teren. Prin urmare, invit\u0103m pe oricine cunoa\u0219te legende locale, ritualuri sau obiceiuri \u00een care plantele sunt prezente, s\u0103 ne scrie pe adresa <strong><span style=\"color: #ffffff;\">contributii@antropoflora.com<\/span><\/strong><\/p><p><strong>Echipa ANTROPOFLORA<\/strong>:<br \/>Creatoare \u0219i documentariste: Ioana Cotulbea, Ilinca Micu<br \/>Project manager \u2013 Maria Mora<br \/>Identitate vizuala \u2013 Alina Anca<br \/>Ilustra\u021bii botanice \u2013 Hanna Hanuman aka Bioma<br \/>Web-Developer \u2013 Cosmin T\u0103nase<br \/>Montaj filme documentare &#8211; Raluca David, Sanda Veber, Gina S\u0103ndulescu<\/p><p><strong>ANTROPOFLORA<\/strong> este un proiect cultural co-finan\u021bat de Administra\u021bia Fondului Cultural Na\u021bional.<br \/>Proiectul nu reprezint\u0103 \u00een mod necesar pozi\u021bia Administra\u021biei Fondului Cultural Na\u021bional. AFCN nu este responsabil\u0103 de con\u021binutul proiectului sau de modul \u00een care rezultatele proiectului pot fi folosite. Acestea sunt \u00een \u00eentregime responsabilitatea beneficiarului finan\u021b\u0103rii.<\/p><p><strong>Co-finan\u021bat de AFCN<\/strong><br \/>Realizat prin asocia\u021bia Homemade Culture<br \/>Sister project POJARNITZA<br \/>Parteneri: Scena9, Iscoada, Radio Rom\u00e2nia Cultural, Muzeul Na\u021bional al \u021a\u0103ranului Rom\u00e2n, Institutul de Cercet\u0103ri Eco-Muzeale \u201cGavril\u0103 Simion\u201d Tulcea, Agen\u021bia pentru Protec\u021bia Mediului Sibiu, Centrul de Dialog \u015fi Cultur\u0103 Friedrich Teutsch al Bisericii Evanghelice C.A. din Rom\u00e2nia, Tranzit.ro, Banca de Semin\u021be Casa Semin\u021belor<\/p>\t\t\t\t\t\t<\/div>\n\t\t\t\t<\/div>\n\t\t\t\t\t<\/div>\n\t\t<\/div>\n\t\t\t\t\t\t\t<\/div>\n\t\t<\/section>\n\t\t<div class=\"elementor-element elementor-element-b09ed32 e-flex e-con-boxed e-con e-parent\" data-id=\"b09ed32\" data-element_type=\"container\" data-settings=\"{&quot;content_width&quot;:&quot;boxed&quot;}\" data-core-v316-plus=\"true\">\n\t\t\t\t\t<div class=\"e-con-inner\">\n\t\t\t\t<div class=\"elementor-element elementor-element-f086e02 elementor-widget elementor-widget-image\" data-id=\"f086e02\" data-element_type=\"widget\" data-widget_type=\"image.default\">\n\t\t\t\t<div class=\"elementor-widget-container\">\n\t\t\t<style>\/*! elementor - v3.17.0 - 08-11-2023 *\/\n.elementor-widget-image{text-align:center}.elementor-widget-image a{display:inline-block}.elementor-widget-image a img[src$=\".svg\"]{width:48px}.elementor-widget-image img{vertical-align:middle;display:inline-block}<\/style>\t\t\t\t\t\t\t\t\t\t\t\t<img loading=\"lazy\" decoding=\"async\" width=\"2000\" height=\"300\" src=\"https:\/\/antropoflora.com\/wp-content\/uploads\/2023\/11\/banda-logo-transparent.png\" class=\"attachment-full size-full wp-image-943\" alt=\"\" srcset=\"https:\/\/antropoflora.com\/wp-content\/uploads\/2023\/11\/banda-logo-transparent.png 2000w, https:\/\/antropoflora.com\/wp-content\/uploads\/2023\/11\/banda-logo-transparent-300x45.png 300w, https:\/\/antropoflora.com\/wp-content\/uploads\/2023\/11\/banda-logo-transparent-1024x154.png 1024w, https:\/\/antropoflora.com\/wp-content\/uploads\/2023\/11\/banda-logo-transparent-768x115.png 768w, https:\/\/antropoflora.com\/wp-content\/uploads\/2023\/11\/banda-logo-transparent-1536x230.png 1536w, https:\/\/antropoflora.com\/wp-content\/uploads\/2023\/11\/banda-logo-transparent-650x98.png 650w\" sizes=\"auto, (max-width: 2000px) 100vw, 2000px\" \/>\t\t\t\t\t\t\t\t\t\t\t\t\t\t\t<\/div>\n\t\t\t\t<\/div>\n\t\t\t\t\t<\/div>\n\t\t\t\t<\/div>\n\t\t\t\t\t\t\t<\/div>\n\t\t","protected":false},"excerpt":{"rendered":"<p>ANTROPOFLORA cerceteaz\u0103 rela\u021bia simbiotic\u0103 dintre om \u0219i plante, document\u00e2nd diversitatea [&hellip;]<\/p>\n","protected":false},"author":1,"featured_media":1340,"parent":0,"menu_order":0,"comment_status":"closed","ping_status":"closed","template":"","meta":{"footnotes":""},"class_list":["post-1349","page","type-page","status-publish","has-post-thumbnail","hentry"],"_links":{"self":[{"href":"https:\/\/antropoflora.com\/en\/wp-json\/wp\/v2\/pages\/1349","targetHints":{"allow":["GET"]}}],"collection":[{"href":"https:\/\/antropoflora.com\/en\/wp-json\/wp\/v2\/pages"}],"about":[{"href":"https:\/\/antropoflora.com\/en\/wp-json\/wp\/v2\/types\/page"}],"author":[{"embeddable":true,"href":"https:\/\/antropoflora.com\/en\/wp-json\/wp\/v2\/users\/1"}],"replies":[{"embeddable":true,"href":"https:\/\/antropoflora.com\/en\/wp-json\/wp\/v2\/comments?post=1349"}],"version-history":[{"count":13,"href":"https:\/\/antropoflora.com\/en\/wp-json\/wp\/v2\/pages\/1349\/revisions"}],"predecessor-version":[{"id":1584,"href":"https:\/\/antropoflora.com\/en\/wp-json\/wp\/v2\/pages\/1349\/revisions\/1584"}],"wp:featuredmedia":[{"embeddable":true,"href":"https:\/\/antropoflora.com\/en\/wp-json\/wp\/v2\/media\/1340"}],"wp:attachment":[{"href":"https:\/\/antropoflora.com\/en\/wp-json\/wp\/v2\/media?parent=1349"}],"curies":[{"name":"wp","href":"https:\/\/api.w.org\/{rel}","templated":true}]}}